{"id":3488,"date":"2020-03-25T11:40:31","date_gmt":"2020-03-25T10:40:31","guid":{"rendered":"http:\/\/www.kactus.bance.website\/?page_id=3488"},"modified":"2024-02-01T02:11:57","modified_gmt":"2024-02-01T01:11:57","slug":"team-building","status":"publish","type":"page","link":"https:\/\/kactus.com\/blog\/team-building\/","title":{"rendered":"Team Building"},"content":{"rendered":"","protected":false},"excerpt":{"rendered":"","protected":false},"author":18,"featured_media":0,"parent":0,"menu_order":0,"comment_status":"closed","ping_status":"closed","template":"page-templates\/home.php","meta":{"content-type":"","footnotes":""},"class_list":["post-3488","page","type-page","status-publish","hentry"],"yoast_head":"<!-- This site is optimized with the Yoast SEO plugin v21.4 - https:\/\/yoast.com\/wordpress\/plugins\/seo\/ -->\n<title>Team Building - Kactus Blog, soyez inspir\u00e9 pour vos \u00e9v\u00e9nements...<\/title>\n<meta name=\"robots\" content=\"index, follow, max-snippet:-1, max-image-preview:large, max-video-preview:-1\" \/>\n<link rel=\"canonical\" href=\"https:\/\/kactus.com\/blog\/team-building\/\" \/>\n<meta property=\"og:locale\" content=\"fr_FR\" \/>\n<meta property=\"og:type\" content=\"article\" \/>\n<meta property=\"og:title\" content=\"Team Building - Kactus Blog, soyez inspir\u00e9 pour vos \u00e9v\u00e9nements...\" \/>\n<meta property=\"og:url\" content=\"https:\/\/kactus.com\/blog\/team-building\/\" \/>\n<meta property=\"og:site_name\" content=\"Kactus Blog, soyez inspir\u00e9 pour vos \u00e9v\u00e9nements...\" \/>\n<meta property=\"article:modified_time\" content=\"2024-02-01T01:11:57+00:00\" \/>\n<meta name=\"twitter:card\" content=\"summary_large_image\" \/>\n<script type=\"application\/ld+json\" class=\"yoast-schema-graph\">{\"@context\":\"https:\/\/schema.org\",\"@graph\":[{\"@type\":\"WebPage\",\"@id\":\"https:\/\/kactus.com\/blog\/team-building\/\",\"url\":\"https:\/\/kactus.com\/blog\/team-building\/\",\"name\":\"Team Building - Kactus Blog, soyez inspir\u00e9 pour vos \u00e9v\u00e9nements...\",\"isPartOf\":{\"@id\":\"https:\/\/kactus.com\/blog\/#website\"},\"datePublished\":\"2020-03-25T10:40:31+00:00\",\"dateModified\":\"2024-02-01T01:11:57+00:00\",\"breadcrumb\":{\"@id\":\"https:\/\/kactus.com\/blog\/team-building\/#breadcrumb\"},\"inLanguage\":\"fr-FR\",\"potentialAction\":[{\"@type\":\"ReadAction\",\"target\":[\"https:\/\/kactus.com\/blog\/team-building\/\"]}]},{\"@type\":\"BreadcrumbList\",\"@id\":\"https:\/\/kactus.com\/blog\/team-building\/#breadcrumb\",\"itemListElement\":[{\"@type\":\"ListItem\",\"position\":1,\"name\":\"Accueil\",\"item\":\"https:\/\/kactus.com\/blog\/\"},{\"@type\":\"ListItem\",\"position\":2,\"name\":\"Team Building\"}]},{\"@type\":\"WebSite\",\"@id\":\"https:\/\/kactus.com\/blog\/#website\",\"url\":\"https:\/\/kactus.com\/blog\/\",\"name\":\"Kactus Blog, soyez inspir\u00e9 pour vos \u00e9v\u00e9nements...\",\"description\":\"Retrouvez nos coups de coeurs, nos guides et nos infos\",\"publisher\":{\"@id\":\"https:\/\/kactus.com\/blog\/#organization\"},\"potentialAction\":[{\"@type\":\"SearchAction\",\"target\":{\"@type\":\"EntryPoint\",\"urlTemplate\":\"https:\/\/kactus.com\/blog\/?s={search_term_string}\"},\"query-input\":\"required name=search_term_string\"}],\"inLanguage\":\"fr-FR\"},{\"@type\":\"Organization\",\"@id\":\"https:\/\/kactus.com\/blog\/#organization\",\"name\":\"Kactus\",\"url\":\"https:\/\/kactus.com\/blog\/\",\"logo\":{\"@type\":\"ImageObject\",\"inLanguage\":\"fr-FR\",\"@id\":\"https:\/\/kactus.com\/blog\/#\/schema\/logo\/image\/\",\"url\":\"https:\/\/kactus.flywheelsites.com\/wp-content\/uploads\/2018\/02\/logo-black.png\",\"contentUrl\":\"https:\/\/kactus.flywheelsites.com\/wp-content\/uploads\/2018\/02\/logo-black.png\",\"width\":85,\"height\":139,\"caption\":\"Kactus\"},\"image\":{\"@id\":\"https:\/\/kactus.com\/blog\/#\/schema\/logo\/image\/\"}}]}<\/script>\n<!-- \/ Yoast SEO plugin. -->","yoast_head_json":{"title":"Team Building - Kactus Blog, soyez inspir\u00e9 pour vos \u00e9v\u00e9nements...","robots":{"index":"index","follow":"follow","max-snippet":"max-snippet:-1","max-image-preview":"max-image-preview:large","max-video-preview":"max-video-preview:-1"},"canonical":"https:\/\/kactus.com\/blog\/team-building\/","og_locale":"fr_FR","og_type":"article","og_title":"Team Building - Kactus Blog, soyez inspir\u00e9 pour vos \u00e9v\u00e9nements...","og_url":"https:\/\/kactus.com\/blog\/team-building\/","og_site_name":"Kactus Blog, soyez inspir\u00e9 pour vos \u00e9v\u00e9nements...","article_modified_time":"2024-02-01T01:11:57+00:00","twitter_card":"summary_large_image","schema":{"@context":"https:\/\/schema.org","@graph":[{"@type":"WebPage","@id":"https:\/\/kactus.com\/blog\/team-building\/","url":"https:\/\/kactus.com\/blog\/team-building\/","name":"Team Building - Kactus Blog, soyez inspir\u00e9 pour vos \u00e9v\u00e9nements...","isPartOf":{"@id":"https:\/\/kactus.com\/blog\/#website"},"datePublished":"2020-03-25T10:40:31+00:00","dateModified":"2024-02-01T01:11:57+00:00","breadcrumb":{"@id":"https:\/\/kactus.com\/blog\/team-building\/#breadcrumb"},"inLanguage":"fr-FR","potentialAction":[{"@type":"ReadAction","target":["https:\/\/kactus.com\/blog\/team-building\/"]}]},{"@type":"BreadcrumbList","@id":"https:\/\/kactus.com\/blog\/team-building\/#breadcrumb","itemListElement":[{"@type":"ListItem","position":1,"name":"Accueil","item":"https:\/\/kactus.com\/blog\/"},{"@type":"ListItem","position":2,"name":"Team Building"}]},{"@type":"WebSite","@id":"https:\/\/kactus.com\/blog\/#website","url":"https:\/\/kactus.com\/blog\/","name":"Kactus Blog, soyez inspir\u00e9 pour vos \u00e9v\u00e9nements...","description":"Retrouvez nos coups de coeurs, nos guides et nos infos","publisher":{"@id":"https:\/\/kactus.com\/blog\/#organization"},"potentialAction":[{"@type":"SearchAction","target":{"@type":"EntryPoint","urlTemplate":"https:\/\/kactus.com\/blog\/?s={search_term_string}"},"query-input":"required name=search_term_string"}],"inLanguage":"fr-FR"},{"@type":"Organization","@id":"https:\/\/kactus.com\/blog\/#organization","name":"Kactus","url":"https:\/\/kactus.com\/blog\/","logo":{"@type":"ImageObject","inLanguage":"fr-FR","@id":"https:\/\/kactus.com\/blog\/#\/schema\/logo\/image\/","url":"https:\/\/kactus.flywheelsites.com\/wp-content\/uploads\/2018\/02\/logo-black.png","contentUrl":"https:\/\/kactus.flywheelsites.com\/wp-content\/uploads\/2018\/02\/logo-black.png","width":85,"height":139,"caption":"Kactus"},"image":{"@id":"https:\/\/kactus.com\/blog\/#\/schema\/logo\/image\/"}}]}},"_links":{"self":[{"href":"https:\/\/kactus.com\/blog\/wp-json\/wp\/v2\/pages\/3488","targetHints":{"allow":["GET"]}}],"collection":[{"href":"https:\/\/kactus.com\/blog\/wp-json\/wp\/v2\/pages"}],"about":[{"href":"https:\/\/kactus.com\/blog\/wp-json\/wp\/v2\/types\/page"}],"author":[{"embeddable":true,"href":"https:\/\/kactus.com\/blog\/wp-json\/wp\/v2\/users\/18"}],"replies":[{"embeddable":true,"href":"https:\/\/kactus.com\/blog\/wp-json\/wp\/v2\/comments?post=3488"}],"version-history":[{"count":3,"href":"https:\/\/kactus.com\/blog\/wp-json\/wp\/v2\/pages\/3488\/revisions"}],"predecessor-version":[{"id":3781,"href":"https:\/\/kactus.com\/blog\/wp-json\/wp\/v2\/pages\/3488\/revisions\/3781"}],"wp:attachment":[{"href":"https:\/\/kactus.com\/blog\/wp-json\/wp\/v2\/media?parent=3488"}],"curies":[{"name":"wp","href":"https:\/\/api.w.org\/{rel}","templated":true}]}}